{"id":973,"date":"2026-02-26T10:19:42","date_gmt":"2026-02-26T13:19:42","guid":{"rendered":"https:\/\/axiontrade.com.br\/?page_id=973"},"modified":"2026-03-02T16:25:30","modified_gmt":"2026-03-02T19:25:30","slug":"politica-de-privacidade","status":"publish","type":"page","link":"https:\/\/axiontrade.com.br\/en\/politica-de-privacidade\/","title":{"rendered":"Privacy Policy"},"content":{"rendered":"<div data-elementor-type=\"wp-page\" data-elementor-id=\"973\" class=\"elementor elementor-973\" data-elementor-post-type=\"page\">\n\t\t\t\t<div class=\"elementor-element elementor-element-fb09155 e-flex e-con-boxed e-con e-parent\" data-id=\"fb09155\" data-element_type=\"container\" data-e-type=\"container\" data-settings=\"{&quot;background_background&quot;:&quot;classic&quot;}\">\n\t\t\t\t\t<div class=\"e-con-inner\">\n\t\t\t\t<div class=\"elementor-element elementor-element-b939154 elementor-widget elementor-widget-elementskit-heading\" data-id=\"b939154\" data-element_type=\"widget\" data-e-type=\"widget\" data-widget_type=\"elementskit-heading.default\">\n\t\t\t\t\t<div class=\"ekit-wid-con\" ><div class=\"ekit-heading elementskit-section-title-wraper text_left   ekit_heading_tablet-text_center   ekit_heading_mobile-text_left\"><h1 class=\"ekit-heading--title elementskit-section-title\">Privacy Policy<\/h1><\/div><\/div>\t\t\t\t<\/div>\n\t\t\t\t\t<\/div>\n\t\t\t\t<\/div>\n\t\t<div class=\"elementor-element elementor-element-3365919 e-flex e-con-boxed e-con e-parent\" data-id=\"3365919\" data-element_type=\"container\" data-e-type=\"container\">\n\t\t\t\t\t<div class=\"e-con-inner\">\n\t\t\t\t<div class=\"elementor-element elementor-element-57f7b91 elementor-widget elementor-widget-text-editor\" data-id=\"57f7b91\" data-element_type=\"widget\" data-e-type=\"widget\" data-widget_type=\"text-editor.default\">\n\t\t\t\t\t\t\t\t\t<h2 data-path-to-node=\"5\">1. Informa\u00e7\u00f5es Gerais<\/h2><p data-path-to-node=\"6\">The <a href=\"https:\/\/axiontrade.com.br\/en\/\"><b data-path-to-node=\"6\" data-index-in-node=\"2\">AxionTrade<\/b> <\/a>valoriza a transpar\u00eancia e a seguran\u00e7a dos seus usu\u00e1rios. Esta pol\u00edtica descreve como tratamos os dados coletados durante a sua navega\u00e7\u00e3o em nosso site, em conformidade com a <b data-path-to-node=\"6\" data-index-in-node=\"188\">Lei Geral de Prote\u00e7\u00e3o de Dados (LGPD)<\/b>.<\/p><h2 data-path-to-node=\"7\">2. Coleta de Dados (Google Analytics)<\/h2><p data-path-to-node=\"8\">N\u00e3o coletamos informa\u00e7\u00f5es pessoais (como nome ou e-mail) atrav\u00e9s de formul\u00e1rios neste site. Utilizamos exclusivamente o <b data-path-to-node=\"8\" data-index-in-node=\"120\">Google Analytics<\/b> para coletar dados estat\u00edsticos an\u00f4nimos de navega\u00e7\u00e3o, tais como:<\/p><ul data-path-to-node=\"9\"><li><p data-path-to-node=\"9,0,0\">P\u00e1ginas visitadas e tempo de perman\u00eancia;<\/p><\/li><li><p data-path-to-node=\"9,1,0\">Tipo de dispositivo e navegador utilizado;<\/p><\/li><li><p data-path-to-node=\"9,2,0\">Localiza\u00e7\u00e3o aproximada (n\u00edvel de cidade\/pa\u00eds).<\/p><\/li><\/ul><p data-path-to-node=\"10\">Esses dados s\u00e3o utilizados apenas para melhorar a performance do site e a experi\u00eancia do usu\u00e1rio, sem identificar indiv\u00edduos pessoalmente.<\/p><h2 data-path-to-node=\"11\">3. Uso de Cookies<\/h2><p data-path-to-node=\"12\">Utilizamos cookies t\u00e9cnicos do Google Analytics para distinguir usu\u00e1rios e sess\u00f5es. Voc\u00ea pode desativar o uso de cookies diretamente nas configura\u00e7\u00f5es do seu navegador a qualquer momento, sem preju\u00edzo ao acesso ao conte\u00fado do site.<\/p><h2 data-path-to-node=\"13\">4. Seguran\u00e7a de Dados<\/h2><p data-path-to-node=\"14\">Embora n\u00e3o armazenemos dados sens\u00edveis de usu\u00e1rios, adotamos protocolos de seguran\u00e7a padr\u00e3o de mercado (Certificado SSL\/HTTPS) para garantir que sua navega\u00e7\u00e3o seja protegida contra intercepta\u00e7\u00f5es de terceiros.<\/p><h2 data-path-to-node=\"15\">5. Links para Terceiros<\/h2><p data-path-to-node=\"16\">Nosso site pode conter links para servi\u00e7os externos (como WhatsApp ou Redes Sociais). Ao clicar neles, voc\u00ea estar\u00e1 sujeito \u00e0s pol\u00edticas de privacidade dessas plataformas terceiras.<\/p><h2 data-path-to-node=\"17\">6. Contato<\/h2><p data-path-to-node=\"18\">Para d\u00favidas sobre nossa pol\u00edtica ou o tratamento de dados de navega\u00e7\u00e3o, entre em contato atrav\u00e9s dos canais oficiais da <b data-path-to-node=\"18\" data-index-in-node=\"121\">AxionTrade<\/b>.<\/p>\t\t\t\t\t\t\t\t<\/div>\n\t\t\t\t\t<\/div>\n\t\t\t\t<\/div>\n\t\t\t\t<\/div>","protected":false},"excerpt":{"rendered":"<p>Pol\u00edtica de Privacidade 1. Informa\u00e7\u00f5es Gerais A AxionTrade valoriza a transpar\u00eancia e a seguran\u00e7a dos seus usu\u00e1rios. Esta pol\u00edtica descreve como tratamos os dados coletados durante a sua navega\u00e7\u00e3o em nosso site, em conformidade com a Lei Geral de Prote\u00e7\u00e3o de Dados (LGPD). 2. Coleta de Dados (Google Analytics) N\u00e3o coletamos informa\u00e7\u00f5es pessoais (como nome [&hellip;]<\/p>\n","protected":false},"author":2,"featured_media":1512,"parent":0,"menu_order":0,"comment_status":"closed","ping_status":"closed","template":"elementor_header_footer","meta":{"footnotes":""},"class_list":["post-973","page","type-page","status-publish","has-post-thumbnail","hentry"],"yoast_head":"<!-- This site is optimized with the Yoast SEO plugin v27.3 - https:\/\/yoast.com\/product\/yoast-seo-wordpress\/ -->\n<title>Pol\u00edtica de Privacidade | AxionTrade | Com\u00e9rcio Internacional Seguro<\/title>\n<meta name=\"description\" content=\"Conhe\u00e7a a Pol\u00edtica de Privacidade da AxionTrade. Entenda como tratamos dados de navega\u00e7\u00e3o via Google Analytics para garantir sua seguran\u00e7a.\" \/>\n<meta name=\"robots\" content=\"noindex, nofollow\" \/>\n<meta property=\"og:locale\" content=\"en_US\" \/>\n<meta property=\"og:type\" content=\"article\" \/>\n<meta property=\"og:title\" content=\"Pol\u00edtica de Privacidade | AxionTrade | Com\u00e9rcio Internacional Seguro\" \/>\n<meta property=\"og:description\" content=\"Conhe\u00e7a a Pol\u00edtica de Privacidade da AxionTrade. Entenda como tratamos dados de navega\u00e7\u00e3o via Google Analytics para garantir sua seguran\u00e7a.\" \/>\n<meta property=\"og:url\" content=\"https:\/\/axiontrade.com.br\/en\/politica-de-privacidade\/\" \/>\n<meta property=\"og:site_name\" content=\"AxionTrade\" \/>\n<meta property=\"article:modified_time\" content=\"2026-03-02T19:25:30+00:00\" \/>\n<meta property=\"og:image\" content=\"https:\/\/axiontrade.com.br\/wp-content\/uploads\/2026\/03\/social-share-white-ico.webp\" \/>\n\t<meta property=\"og:image:width\" content=\"1200\" \/>\n\t<meta property=\"og:image:height\" content=\"630\" \/>\n\t<meta property=\"og:image:type\" content=\"image\/webp\" \/>\n<meta name=\"twitter:card\" content=\"summary_large_image\" \/>\n<meta name=\"twitter:label1\" content=\"Est. reading time\" \/>\n\t<meta name=\"twitter:data1\" content=\"2 minutes\" \/>\n<script type=\"application\/ld+json\" class=\"yoast-schema-graph\">{\"@context\":\"https:\\\/\\\/schema.org\",\"@graph\":[{\"@type\":\"WebPage\",\"@id\":\"https:\\\/\\\/axiontrade.com.br\\\/politica-de-privacidade\\\/\",\"url\":\"https:\\\/\\\/axiontrade.com.br\\\/politica-de-privacidade\\\/\",\"name\":\"Pol\u00edtica de Privacidade | AxionTrade | Com\u00e9rcio Internacional Seguro\",\"isPartOf\":{\"@id\":\"https:\\\/\\\/axiontrade.com.br\\\/#website\"},\"primaryImageOfPage\":{\"@id\":\"https:\\\/\\\/axiontrade.com.br\\\/politica-de-privacidade\\\/#primaryimage\"},\"image\":{\"@id\":\"https:\\\/\\\/axiontrade.com.br\\\/politica-de-privacidade\\\/#primaryimage\"},\"thumbnailUrl\":\"https:\\\/\\\/axiontrade.com.br\\\/wp-content\\\/uploads\\\/2026\\\/03\\\/social-share-white-ico.webp\",\"datePublished\":\"2026-02-26T13:19:42+00:00\",\"dateModified\":\"2026-03-02T19:25:30+00:00\",\"description\":\"Conhe\u00e7a a Pol\u00edtica de Privacidade da AxionTrade. Entenda como tratamos dados de navega\u00e7\u00e3o via Google Analytics para garantir sua seguran\u00e7a.\",\"breadcrumb\":{\"@id\":\"https:\\\/\\\/axiontrade.com.br\\\/politica-de-privacidade\\\/#breadcrumb\"},\"inLanguage\":\"en-US\",\"potentialAction\":[{\"@type\":\"ReadAction\",\"target\":[\"https:\\\/\\\/axiontrade.com.br\\\/politica-de-privacidade\\\/\"]}]},{\"@type\":\"ImageObject\",\"inLanguage\":\"en-US\",\"@id\":\"https:\\\/\\\/axiontrade.com.br\\\/politica-de-privacidade\\\/#primaryimage\",\"url\":\"https:\\\/\\\/axiontrade.com.br\\\/wp-content\\\/uploads\\\/2026\\\/03\\\/social-share-white-ico.webp\",\"contentUrl\":\"https:\\\/\\\/axiontrade.com.br\\\/wp-content\\\/uploads\\\/2026\\\/03\\\/social-share-white-ico.webp\",\"width\":1200,\"height\":630},{\"@type\":\"BreadcrumbList\",\"@id\":\"https:\\\/\\\/axiontrade.com.br\\\/politica-de-privacidade\\\/#breadcrumb\",\"itemListElement\":[{\"@type\":\"ListItem\",\"position\":1,\"name\":\"In\u00edcio\",\"item\":\"https:\\\/\\\/axiontrade.com.br\\\/\"},{\"@type\":\"ListItem\",\"position\":2,\"name\":\"Pol\u00edtica de Privacidade\"}]},{\"@type\":\"WebSite\",\"@id\":\"https:\\\/\\\/axiontrade.com.br\\\/#website\",\"url\":\"https:\\\/\\\/axiontrade.com.br\\\/\",\"name\":\"AxionTrade\",\"description\":\"Refer\u00eancia em Trading Internacional\",\"publisher\":{\"@id\":\"https:\\\/\\\/axiontrade.com.br\\\/#organization\"},\"alternateName\":\"Axion\",\"potentialAction\":[{\"@type\":\"SearchAction\",\"target\":{\"@type\":\"EntryPoint\",\"urlTemplate\":\"https:\\\/\\\/axiontrade.com.br\\\/?s={search_term_string}\"},\"query-input\":{\"@type\":\"PropertyValueSpecification\",\"valueRequired\":true,\"valueName\":\"search_term_string\"}}],\"inLanguage\":\"en-US\"},{\"@type\":\"Organization\",\"@id\":\"https:\\\/\\\/axiontrade.com.br\\\/#organization\",\"name\":\"AxionTrade\",\"alternateName\":\"Axion\",\"url\":\"https:\\\/\\\/axiontrade.com.br\\\/\",\"logo\":{\"@type\":\"ImageObject\",\"inLanguage\":\"en-US\",\"@id\":\"https:\\\/\\\/axiontrade.com.br\\\/#\\\/schema\\\/logo\\\/image\\\/\",\"url\":\"https:\\\/\\\/axiontrade.com.br\\\/wp-content\\\/uploads\\\/2026\\\/02\\\/logo-axiontrade-white.png\",\"contentUrl\":\"https:\\\/\\\/axiontrade.com.br\\\/wp-content\\\/uploads\\\/2026\\\/02\\\/logo-axiontrade-white.png\",\"width\":487,\"height\":101,\"caption\":\"AxionTrade\"},\"image\":{\"@id\":\"https:\\\/\\\/axiontrade.com.br\\\/#\\\/schema\\\/logo\\\/image\\\/\"}}]}<\/script>\n<!-- \/ Yoast SEO plugin. -->","yoast_head_json":{"title":"Pol\u00edtica de Privacidade | AxionTrade | Com\u00e9rcio Internacional Seguro","description":"Conhe\u00e7a a Pol\u00edtica de Privacidade da AxionTrade. Entenda como tratamos dados de navega\u00e7\u00e3o via Google Analytics para garantir sua seguran\u00e7a.","robots":{"index":"noindex","follow":"nofollow"},"og_locale":"en_US","og_type":"article","og_title":"Pol\u00edtica de Privacidade | AxionTrade | Com\u00e9rcio Internacional Seguro","og_description":"Conhe\u00e7a a Pol\u00edtica de Privacidade da AxionTrade. Entenda como tratamos dados de navega\u00e7\u00e3o via Google Analytics para garantir sua seguran\u00e7a.","og_url":"https:\/\/axiontrade.com.br\/en\/politica-de-privacidade\/","og_site_name":"AxionTrade","article_modified_time":"2026-03-02T19:25:30+00:00","og_image":[{"width":1200,"height":630,"url":"https:\/\/axiontrade.com.br\/wp-content\/uploads\/2026\/03\/social-share-white-ico.webp","type":"image\/webp"}],"twitter_card":"summary_large_image","twitter_misc":{"Est. reading time":"2 minutes"},"schema":{"@context":"https:\/\/schema.org","@graph":[{"@type":"WebPage","@id":"https:\/\/axiontrade.com.br\/politica-de-privacidade\/","url":"https:\/\/axiontrade.com.br\/politica-de-privacidade\/","name":"Pol\u00edtica de Privacidade | AxionTrade | Com\u00e9rcio Internacional Seguro","isPartOf":{"@id":"https:\/\/axiontrade.com.br\/#website"},"primaryImageOfPage":{"@id":"https:\/\/axiontrade.com.br\/politica-de-privacidade\/#primaryimage"},"image":{"@id":"https:\/\/axiontrade.com.br\/politica-de-privacidade\/#primaryimage"},"thumbnailUrl":"https:\/\/axiontrade.com.br\/wp-content\/uploads\/2026\/03\/social-share-white-ico.webp","datePublished":"2026-02-26T13:19:42+00:00","dateModified":"2026-03-02T19:25:30+00:00","description":"Conhe\u00e7a a Pol\u00edtica de Privacidade da AxionTrade. Entenda como tratamos dados de navega\u00e7\u00e3o via Google Analytics para garantir sua seguran\u00e7a.","breadcrumb":{"@id":"https:\/\/axiontrade.com.br\/politica-de-privacidade\/#breadcrumb"},"inLanguage":"en-US","potentialAction":[{"@type":"ReadAction","target":["https:\/\/axiontrade.com.br\/politica-de-privacidade\/"]}]},{"@type":"ImageObject","inLanguage":"en-US","@id":"https:\/\/axiontrade.com.br\/politica-de-privacidade\/#primaryimage","url":"https:\/\/axiontrade.com.br\/wp-content\/uploads\/2026\/03\/social-share-white-ico.webp","contentUrl":"https:\/\/axiontrade.com.br\/wp-content\/uploads\/2026\/03\/social-share-white-ico.webp","width":1200,"height":630},{"@type":"BreadcrumbList","@id":"https:\/\/axiontrade.com.br\/politica-de-privacidade\/#breadcrumb","itemListElement":[{"@type":"ListItem","position":1,"name":"In\u00edcio","item":"https:\/\/axiontrade.com.br\/"},{"@type":"ListItem","position":2,"name":"Pol\u00edtica de Privacidade"}]},{"@type":"WebSite","@id":"https:\/\/axiontrade.com.br\/#website","url":"https:\/\/axiontrade.com.br\/","name":"AxionTrade","description":"Refer\u00eancia em Trading Internacional","publisher":{"@id":"https:\/\/axiontrade.com.br\/#organization"},"alternateName":"Axion","potentialAction":[{"@type":"SearchAction","target":{"@type":"EntryPoint","urlTemplate":"https:\/\/axiontrade.com.br\/?s={search_term_string}"},"query-input":{"@type":"PropertyValueSpecification","valueRequired":true,"valueName":"search_term_string"}}],"inLanguage":"en-US"},{"@type":"Organization","@id":"https:\/\/axiontrade.com.br\/#organization","name":"AxionTrade","alternateName":"Axion","url":"https:\/\/axiontrade.com.br\/","logo":{"@type":"ImageObject","inLanguage":"en-US","@id":"https:\/\/axiontrade.com.br\/#\/schema\/logo\/image\/","url":"https:\/\/axiontrade.com.br\/wp-content\/uploads\/2026\/02\/logo-axiontrade-white.png","contentUrl":"https:\/\/axiontrade.com.br\/wp-content\/uploads\/2026\/02\/logo-axiontrade-white.png","width":487,"height":101,"caption":"AxionTrade"},"image":{"@id":"https:\/\/axiontrade.com.br\/#\/schema\/logo\/image\/"}}]}},"_links":{"self":[{"href":"https:\/\/axiontrade.com.br\/en\/wp-json\/wp\/v2\/pages\/973","targetHints":{"allow":["GET"]}}],"collection":[{"href":"https:\/\/axiontrade.com.br\/en\/wp-json\/wp\/v2\/pages"}],"about":[{"href":"https:\/\/axiontrade.com.br\/en\/wp-json\/wp\/v2\/types\/page"}],"author":[{"embeddable":true,"href":"https:\/\/axiontrade.com.br\/en\/wp-json\/wp\/v2\/users\/2"}],"replies":[{"embeddable":true,"href":"https:\/\/axiontrade.com.br\/en\/wp-json\/wp\/v2\/comments?post=973"}],"version-history":[{"count":1,"href":"https:\/\/axiontrade.com.br\/en\/wp-json\/wp\/v2\/pages\/973\/revisions"}],"predecessor-version":[{"id":1324,"href":"https:\/\/axiontrade.com.br\/en\/wp-json\/wp\/v2\/pages\/973\/revisions\/1324"}],"wp:featuredmedia":[{"embeddable":true,"href":"https:\/\/axiontrade.com.br\/en\/wp-json\/wp\/v2\/media\/1512"}],"wp:attachment":[{"href":"https:\/\/axiontrade.com.br\/en\/wp-json\/wp\/v2\/media?parent=973"}],"curies":[{"name":"wp","href":"https:\/\/api.w.org\/{rel}","templated":true}]}}